{"id":4298,"date":"2023-04-21T10:00:15","date_gmt":"2023-04-21T10:00:15","guid":{"rendered":"https:\/\/wp.createlli.com\/cartera-2\/"},"modified":"2025-09-25T15:52:47","modified_gmt":"2025-09-25T15:52:47","slug":"cartera-2","status":"publish","type":"page","link":"https:\/\/createlli.com\/es\/cartera-2\/","title":{"rendered":"Cartera"},"content":{"rendered":"","protected":false},"excerpt":{"rendered":"","protected":false},"author":1,"featured_media":0,"parent":0,"menu_order":0,"comment_status":"closed","ping_status":"closed","template":"portfolio-template.php","meta":{"_acf_changed":false,"ocean_post_layout":"","ocean_both_sidebars_style":"","ocean_both_sidebars_content_width":0,"ocean_both_sidebars_sidebars_width":0,"ocean_sidebar":"0","ocean_second_sidebar":"0","ocean_disable_margins":"enable","ocean_add_body_class":"","ocean_shortcode_before_top_bar":"","ocean_shortcode_after_top_bar":"","ocean_shortcode_before_header":"","ocean_shortcode_after_header":"","ocean_has_shortcode":"","ocean_shortcode_after_title":"","ocean_shortcode_before_footer_widgets":"","ocean_shortcode_after_footer_widgets":"","ocean_shortcode_before_footer_bottom":"","ocean_shortcode_after_footer_bottom":"","ocean_display_top_bar":"default","ocean_display_header":"default","ocean_header_style":"","ocean_center_header_left_menu":"0","ocean_custom_header_template":"0","ocean_custom_logo":0,"ocean_custom_retina_logo":0,"ocean_custom_logo_max_width":0,"ocean_custom_logo_tablet_max_width":0,"ocean_custom_logo_mobile_max_width":0,"ocean_custom_logo_max_height":0,"ocean_custom_logo_tablet_max_height":0,"ocean_custom_logo_mobile_max_height":0,"ocean_header_custom_menu":"0","ocean_menu_typo_font_family":"0","ocean_menu_typo_font_subset":"","ocean_menu_typo_font_size":0,"ocean_menu_typo_font_size_tablet":0,"ocean_menu_typo_font_size_mobile":0,"ocean_menu_typo_font_size_unit":"px","ocean_menu_typo_font_weight":"","ocean_menu_typo_font_weight_tablet":"","ocean_menu_typo_font_weight_mobile":"","ocean_menu_typo_transform":"","ocean_menu_typo_transform_tablet":"","ocean_menu_typo_transform_mobile":"","ocean_menu_typo_line_height":0,"ocean_menu_typo_line_height_tablet":0,"ocean_menu_typo_line_height_mobile":0,"ocean_menu_typo_line_height_unit":"","ocean_menu_typo_spacing":0,"ocean_menu_typo_spacing_tablet":0,"ocean_menu_typo_spacing_mobile":0,"ocean_menu_typo_spacing_unit":"","ocean_menu_link_color":"","ocean_menu_link_color_hover":"","ocean_menu_link_color_active":"","ocean_menu_link_background":"","ocean_menu_link_hover_background":"","ocean_menu_link_active_background":"","ocean_menu_social_links_bg":"","ocean_menu_social_hover_links_bg":"","ocean_menu_social_links_color":"","ocean_menu_social_hover_links_color":"","ocean_disable_title":"on","ocean_disable_heading":"default","ocean_post_title":"","ocean_post_subheading":"","ocean_post_title_style":"","ocean_post_title_background_color":"","ocean_post_title_background":0,"ocean_post_title_bg_image_position":"","ocean_post_title_bg_image_attachment":"","ocean_post_title_bg_image_repeat":"","ocean_post_title_bg_image_size":"","ocean_post_title_height":0,"ocean_post_title_bg_overlay":0.5,"ocean_post_title_bg_overlay_color":"","ocean_disable_breadcrumbs":"default","ocean_breadcrumbs_color":"","ocean_breadcrumbs_separator_color":"","ocean_breadcrumbs_links_color":"","ocean_breadcrumbs_links_hover_color":"","ocean_display_footer_widgets":"default","ocean_display_footer_bottom":"default","ocean_custom_footer_template":"0","ofc_meta_disable_footer_callout":"","ofc_meta_callout_button_url":"","ofc_meta_callout_button_txt":"","ofc_meta_callout_text":"","ofc_enable_fullscreen":"disable","ofc_fullscreen_speed":0,"ofc_fullscreen_nav":"enable","ofc_fullscreen_nav_pos":"right","ofc_fullscreen_nav_color":"","ofc_fullscreen_nav_tooltip_color":"","ofc_fullscreen_responsive":0,"osh_disable_topbar_sticky":"default","osh_disable_header_sticky":"default","osh_sticky_header_style":"default","osh_sticky_header_effect":"","osh_custom_sticky_logo":0,"osh_custom_retina_sticky_logo":0,"osh_custom_sticky_logo_height":0,"osh_background_color":"","osh_links_color":"","osh_links_hover_color":"","osh_links_active_color":"","osh_links_bg_color":"","osh_links_hover_bg_color":"","osh_links_active_bg_color":"","osh_menu_social_links_color":"","osh_menu_social_hover_links_color":"","footnotes":""},"class_list":["post-4298","page","type-page","status-publish","hentry","entry"],"acf":[],"yoast_head":"<!-- This site is optimized with the Yoast SEO plugin v25.9 - https:\/\/yoast.com\/wordpress\/plugins\/seo\/ -->\n<title>Cartera - Createlli | Participaci\u00f3n y co-creaci\u00f3n para el dise\u00f1o del espacio p\u00fablico<\/title>\n<meta name=\"description\" content=\"Explora nuestra cartera de proyectos de participaci\u00f3n y cocreaci\u00f3n para el espacio p\u00fablico en B\u00e9lgica, Espa\u00f1a y otros pa\u00edses. Mira c\u00f3mo Createlli involucra a los ciudadanos y a las partes interesadas en la configuraci\u00f3n de la sociedad del ma\u00f1ana.\" \/>\n<meta name=\"robots\" content=\"index, follow, max-snippet:-1, max-image-preview:large, max-video-preview:-1\" \/>\n<link rel=\"canonical\" href=\"https:\/\/createlli.com\/es\/cartera-2\/\" \/>\n<meta property=\"og:locale\" content=\"es_ES\" \/>\n<meta property=\"og:type\" content=\"article\" \/>\n<meta property=\"og:title\" content=\"Cartera - Createlli | Participaci\u00f3n y co-creaci\u00f3n para el dise\u00f1o del espacio p\u00fablico\" \/>\n<meta property=\"og:description\" content=\"Explora nuestra cartera de proyectos de participaci\u00f3n y cocreaci\u00f3n para el espacio p\u00fablico en B\u00e9lgica, Espa\u00f1a y otros pa\u00edses. Mira c\u00f3mo Createlli involucra a los ciudadanos y a las partes interesadas en la configuraci\u00f3n de la sociedad del ma\u00f1ana.\" \/>\n<meta property=\"og:url\" content=\"https:\/\/createlli.com\/es\/cartera-2\/\" \/>\n<meta property=\"og:site_name\" content=\"Createlli | Participaci\u00f3n y co-creaci\u00f3n para el dise\u00f1o del espacio p\u00fablico\" \/>\n<meta property=\"article:modified_time\" content=\"2025-09-25T15:52:47+00:00\" \/>\n<meta name=\"twitter:card\" content=\"summary_large_image\" \/>\n<script type=\"application\/ld+json\" class=\"yoast-schema-graph\">{\"@context\":\"https:\/\/schema.org\",\"@graph\":[{\"@type\":\"WebPage\",\"@id\":\"https:\/\/createlli.com\/es\/cartera-2\/\",\"url\":\"https:\/\/createlli.com\/es\/cartera-2\/\",\"name\":\"Cartera - Createlli | Participaci\u00f3n y co-creaci\u00f3n para el dise\u00f1o del espacio p\u00fablico\",\"isPartOf\":{\"@id\":\"https:\/\/createlli.com\/#website\"},\"datePublished\":\"2023-04-21T10:00:15+00:00\",\"dateModified\":\"2025-09-25T15:52:47+00:00\",\"description\":\"Explora nuestra cartera de proyectos de participaci\u00f3n y cocreaci\u00f3n para el espacio p\u00fablico en B\u00e9lgica, Espa\u00f1a y otros pa\u00edses. Mira c\u00f3mo Createlli involucra a los ciudadanos y a las partes interesadas en la configuraci\u00f3n de la sociedad del ma\u00f1ana.\",\"breadcrumb\":{\"@id\":\"https:\/\/createlli.com\/es\/cartera-2\/#breadcrumb\"},\"inLanguage\":\"es\",\"potentialAction\":[{\"@type\":\"ReadAction\",\"target\":[\"https:\/\/createlli.com\/es\/cartera-2\/\"]}]},{\"@type\":\"BreadcrumbList\",\"@id\":\"https:\/\/createlli.com\/es\/cartera-2\/#breadcrumb\",\"itemListElement\":[{\"@type\":\"ListItem\",\"position\":1,\"name\":\"Home\",\"item\":\"https:\/\/createlli.com\/es\/inicio\/\"},{\"@type\":\"ListItem\",\"position\":2,\"name\":\"Cartera\"}]},{\"@type\":\"WebSite\",\"@id\":\"https:\/\/createlli.com\/#website\",\"url\":\"https:\/\/createlli.com\/\",\"name\":\"Createlli | Participaci\u00f3n y co-creaci\u00f3n para el dise\u00f1o del espacio p\u00fablico\",\"description\":\"Createlli sparks change through participation and co-creation, shaping society in spatial planning, mobility, climate, sustainability, and quality of life.\",\"publisher\":{\"@id\":\"https:\/\/createlli.com\/#organization\"},\"potentialAction\":[{\"@type\":\"SearchAction\",\"target\":{\"@type\":\"EntryPoint\",\"urlTemplate\":\"https:\/\/createlli.com\/?s={search_term_string}\"},\"query-input\":{\"@type\":\"PropertyValueSpecification\",\"valueRequired\":true,\"valueName\":\"search_term_string\"}}],\"inLanguage\":\"es\"},{\"@type\":\"Organization\",\"@id\":\"https:\/\/createlli.com\/#organization\",\"name\":\"Createlli | Participaci\u00f3n y co-creaci\u00f3n para el dise\u00f1o del espacio p\u00fablico\",\"url\":\"https:\/\/createlli.com\/\",\"logo\":{\"@type\":\"ImageObject\",\"inLanguage\":\"es\",\"@id\":\"https:\/\/createlli.com\/#\/schema\/logo\/image\/\",\"url\":\"https:\/\/createlli.com\/wp-content\/uploads\/2024\/08\/cropped-Createlli-logo-white_2.png\",\"contentUrl\":\"https:\/\/createlli.com\/wp-content\/uploads\/2024\/08\/cropped-Createlli-logo-white_2.png\",\"width\":144,\"height\":31,\"caption\":\"Createlli | Participaci\u00f3n y co-creaci\u00f3n para el dise\u00f1o del espacio p\u00fablico\"},\"image\":{\"@id\":\"https:\/\/createlli.com\/#\/schema\/logo\/image\/\"}}]}<\/script>\n<!-- \/ Yoast SEO plugin. -->","yoast_head_json":{"title":"Cartera - Createlli | Participaci\u00f3n y co-creaci\u00f3n para el dise\u00f1o del espacio p\u00fablico","description":"Explora nuestra cartera de proyectos de participaci\u00f3n y cocreaci\u00f3n para el espacio p\u00fablico en B\u00e9lgica, Espa\u00f1a y otros pa\u00edses. Mira c\u00f3mo Createlli involucra a los ciudadanos y a las partes interesadas en la configuraci\u00f3n de la sociedad del ma\u00f1ana.","robots":{"index":"index","follow":"follow","max-snippet":"max-snippet:-1","max-image-preview":"max-image-preview:large","max-video-preview":"max-video-preview:-1"},"canonical":"https:\/\/createlli.com\/es\/cartera-2\/","og_locale":"es_ES","og_type":"article","og_title":"Cartera - Createlli | Participaci\u00f3n y co-creaci\u00f3n para el dise\u00f1o del espacio p\u00fablico","og_description":"Explora nuestra cartera de proyectos de participaci\u00f3n y cocreaci\u00f3n para el espacio p\u00fablico en B\u00e9lgica, Espa\u00f1a y otros pa\u00edses. Mira c\u00f3mo Createlli involucra a los ciudadanos y a las partes interesadas en la configuraci\u00f3n de la sociedad del ma\u00f1ana.","og_url":"https:\/\/createlli.com\/es\/cartera-2\/","og_site_name":"Createlli | Participaci\u00f3n y co-creaci\u00f3n para el dise\u00f1o del espacio p\u00fablico","article_modified_time":"2025-09-25T15:52:47+00:00","twitter_card":"summary_large_image","schema":{"@context":"https:\/\/schema.org","@graph":[{"@type":"WebPage","@id":"https:\/\/createlli.com\/es\/cartera-2\/","url":"https:\/\/createlli.com\/es\/cartera-2\/","name":"Cartera - Createlli | Participaci\u00f3n y co-creaci\u00f3n para el dise\u00f1o del espacio p\u00fablico","isPartOf":{"@id":"https:\/\/createlli.com\/#website"},"datePublished":"2023-04-21T10:00:15+00:00","dateModified":"2025-09-25T15:52:47+00:00","description":"Explora nuestra cartera de proyectos de participaci\u00f3n y cocreaci\u00f3n para el espacio p\u00fablico en B\u00e9lgica, Espa\u00f1a y otros pa\u00edses. Mira c\u00f3mo Createlli involucra a los ciudadanos y a las partes interesadas en la configuraci\u00f3n de la sociedad del ma\u00f1ana.","breadcrumb":{"@id":"https:\/\/createlli.com\/es\/cartera-2\/#breadcrumb"},"inLanguage":"es","potentialAction":[{"@type":"ReadAction","target":["https:\/\/createlli.com\/es\/cartera-2\/"]}]},{"@type":"BreadcrumbList","@id":"https:\/\/createlli.com\/es\/cartera-2\/#breadcrumb","itemListElement":[{"@type":"ListItem","position":1,"name":"Home","item":"https:\/\/createlli.com\/es\/inicio\/"},{"@type":"ListItem","position":2,"name":"Cartera"}]},{"@type":"WebSite","@id":"https:\/\/createlli.com\/#website","url":"https:\/\/createlli.com\/","name":"Createlli | Participaci\u00f3n y co-creaci\u00f3n para el dise\u00f1o del espacio p\u00fablico","description":"Createlli sparks change through participation and co-creation, shaping society in spatial planning, mobility, climate, sustainability, and quality of life.","publisher":{"@id":"https:\/\/createlli.com\/#organization"},"potentialAction":[{"@type":"SearchAction","target":{"@type":"EntryPoint","urlTemplate":"https:\/\/createlli.com\/?s={search_term_string}"},"query-input":{"@type":"PropertyValueSpecification","valueRequired":true,"valueName":"search_term_string"}}],"inLanguage":"es"},{"@type":"Organization","@id":"https:\/\/createlli.com\/#organization","name":"Createlli | Participaci\u00f3n y co-creaci\u00f3n para el dise\u00f1o del espacio p\u00fablico","url":"https:\/\/createlli.com\/","logo":{"@type":"ImageObject","inLanguage":"es","@id":"https:\/\/createlli.com\/#\/schema\/logo\/image\/","url":"https:\/\/createlli.com\/wp-content\/uploads\/2024\/08\/cropped-Createlli-logo-white_2.png","contentUrl":"https:\/\/createlli.com\/wp-content\/uploads\/2024\/08\/cropped-Createlli-logo-white_2.png","width":144,"height":31,"caption":"Createlli | Participaci\u00f3n y co-creaci\u00f3n para el dise\u00f1o del espacio p\u00fablico"},"image":{"@id":"https:\/\/createlli.com\/#\/schema\/logo\/image\/"}}]}},"_links":{"self":[{"href":"https:\/\/createlli.com\/es\/wp-json\/wp\/v2\/pages\/4298","targetHints":{"allow":["GET"]}}],"collection":[{"href":"https:\/\/createlli.com\/es\/wp-json\/wp\/v2\/pages"}],"about":[{"href":"https:\/\/createlli.com\/es\/wp-json\/wp\/v2\/types\/page"}],"author":[{"embeddable":true,"href":"https:\/\/createlli.com\/es\/wp-json\/wp\/v2\/users\/1"}],"replies":[{"embeddable":true,"href":"https:\/\/createlli.com\/es\/wp-json\/wp\/v2\/comments?post=4298"}],"version-history":[{"count":1,"href":"https:\/\/createlli.com\/es\/wp-json\/wp\/v2\/pages\/4298\/revisions"}],"predecessor-version":[{"id":4299,"href":"https:\/\/createlli.com\/es\/wp-json\/wp\/v2\/pages\/4298\/revisions\/4299"}],"wp:attachment":[{"href":"https:\/\/createlli.com\/es\/wp-json\/wp\/v2\/media?parent=4298"}],"curies":[{"name":"wp","href":"https:\/\/api.w.org\/{rel}","templated":true}]}}