{"id":2299,"date":"2024-08-28T07:34:03","date_gmt":"2024-08-28T07:34:03","guid":{"rendered":"https:\/\/wp.createlli.com\/herramientas-digitales\/"},"modified":"2025-09-25T15:24:46","modified_gmt":"2025-09-25T15:24:46","slug":"herramientas-digitales","status":"publish","type":"page","link":"https:\/\/createlli.com\/es\/herramientas-digitales\/","title":{"rendered":"Herramientas digitales"},"content":{"rendered":"\t\t<div data-elementor-type=\"wp-page\" data-elementor-id=\"2299\" class=\"elementor elementor-2299 elementor-789\" data-elementor-post-type=\"page\">\n\t\t\t\t<div class=\"elementor-element elementor-element-a56c391 e-con-full e-flex e-con e-parent\" data-id=\"a56c391\" data-element_type=\"container\" id=\"next\">\n\t\t\t\t<div class=\"elementor-element elementor-element-32c431dd elementor-widget elementor-widget-heading\" data-id=\"32c431dd\" data-element_type=\"widget\" data-widget_type=\"heading.default\">\n\t\t\t\t<div class=\"elementor-widget-container\">\n\t\t\t\t\t<h3 class=\"elementor-heading-title elementor-size-default\">Laboratorio Createlli<\/h3>\t\t\t\t<\/div>\n\t\t\t\t<\/div>\n\t\t\t\t<div class=\"elementor-element elementor-element-264eb0a elementor-widget elementor-widget-heading\" data-id=\"264eb0a\" data-element_type=\"widget\" data-widget_type=\"heading.default\">\n\t\t\t\t<div class=\"elementor-widget-container\">\n\t\t\t\t\t<p class=\"elementor-heading-title elementor-size-default\">Descubre las posibilidades de nuestra herramienta digital de participaci\u00f3n Createlli Lab, creada para facilitar y apoyar los programas de participaci\u00f3n.<\/p>\t\t\t\t<\/div>\n\t\t\t\t<\/div>\n\t\t<div class=\"elementor-element elementor-element-c0c300a e-con-full e-flex e-con e-child\" data-id=\"c0c300a\" data-element_type=\"container\">\n\t\t<div class=\"elementor-element elementor-element-275deb98 e-con-full e-flex e-con e-child\" data-id=\"275deb98\" data-element_type=\"container\">\n\t\t\t\t<div class=\"elementor-element elementor-element-673ab532 elementor-position-top elementor-widget elementor-widget-image-box\" data-id=\"673ab532\" data-element_type=\"widget\" data-widget_type=\"image-box.default\">\n\t\t\t\t<div class=\"elementor-widget-container\">\n\t\t\t\t\t<div class=\"elementor-image-box-wrapper\"><figure class=\"elementor-image-box-img\"><a href=\"#\" tabindex=\"-1\"><img fetchpriority=\"high\" decoding=\"async\" width=\"566\" height=\"567\" src=\"https:\/\/createlli.com\/wp-content\/uploads\/2024\/09\/Projectwebsite-2-1.jpg\" class=\"elementor-animation-grow attachment-full size-full wp-image-2309\" alt=\"Projectwebsite participation\" srcset=\"https:\/\/createlli.com\/wp-content\/uploads\/2024\/09\/Projectwebsite-2-1.jpg 566w, https:\/\/createlli.com\/wp-content\/uploads\/2024\/09\/Projectwebsite-2-1-300x300.jpg 300w, https:\/\/createlli.com\/wp-content\/uploads\/2024\/09\/Projectwebsite-2-1-150x150.jpg 150w\" sizes=\"(max-width: 566px) 100vw, 566px\" \/><\/a><\/figure><div class=\"elementor-image-box-content\"><h4 class=\"elementor-image-box-title\"><a href=\"#\">Sitio web del proyecto<\/a><\/h4><p class=\"elementor-image-box-description\">Crea un sitio web del proyecto para informar sobre tu proceso de participaci\u00f3n.  <\/p><\/div><\/div>\t\t\t\t<\/div>\n\t\t\t\t<\/div>\n\t\t\t\t<\/div>\n\t\t<div class=\"elementor-element elementor-element-2c2f7f9a e-con-full e-flex e-con e-child\" data-id=\"2c2f7f9a\" data-element_type=\"container\">\n\t\t\t\t<div class=\"elementor-element elementor-element-7fb51cf4 elementor-position-top elementor-widget elementor-widget-image-box\" data-id=\"7fb51cf4\" data-element_type=\"widget\" data-widget_type=\"image-box.default\">\n\t\t\t\t<div class=\"elementor-widget-container\">\n\t\t\t\t\t<div class=\"elementor-image-box-wrapper\"><figure class=\"elementor-image-box-img\"><a href=\"#\" tabindex=\"-1\"><img decoding=\"async\" width=\"566\" height=\"566\" src=\"https:\/\/createlli.com\/wp-content\/uploads\/2024\/08\/Questionnaire.jpg\" class=\"elementor-animation-grow attachment-full size-full wp-image-2305\" alt=\"Digital surve\" srcset=\"https:\/\/createlli.com\/wp-content\/uploads\/2024\/08\/Questionnaire.jpg 566w, https:\/\/createlli.com\/wp-content\/uploads\/2024\/08\/Questionnaire-300x300.jpg 300w, https:\/\/createlli.com\/wp-content\/uploads\/2024\/08\/Questionnaire-150x150.jpg 150w\" sizes=\"(max-width: 566px) 100vw, 566px\" \/><\/a><\/figure><div class=\"elementor-image-box-content\"><h4 class=\"elementor-image-box-title\"><a href=\"#\">Cuestionarios<\/a><\/h4><p class=\"elementor-image-box-description\">Conoce las necesidades y preocupaciones de los ciudadanos mediante cuestionarios online.<\/p><\/div><\/div>\t\t\t\t<\/div>\n\t\t\t\t<\/div>\n\t\t\t\t<\/div>\n\t\t<div class=\"elementor-element elementor-element-12e93eda e-con-full e-flex e-con e-child\" data-id=\"12e93eda\" data-element_type=\"container\">\n\t\t\t\t<div class=\"elementor-element elementor-element-505a96a9 elementor-position-top elementor-widget elementor-widget-image-box\" data-id=\"505a96a9\" data-element_type=\"widget\" data-widget_type=\"image-box.default\">\n\t\t\t\t<div class=\"elementor-widget-container\">\n\t\t\t\t\t<div class=\"elementor-image-box-wrapper\"><figure class=\"elementor-image-box-img\"><a href=\"#\" tabindex=\"-1\"><img decoding=\"async\" width=\"566\" height=\"566\" src=\"https:\/\/createlli.com\/wp-content\/uploads\/2024\/09\/Interactive-map-2-1.jpg\" class=\"elementor-animation-grow attachment-full size-full wp-image-2307\" alt=\"Interactive map\" srcset=\"https:\/\/createlli.com\/wp-content\/uploads\/2024\/09\/Interactive-map-2-1.jpg 566w, https:\/\/createlli.com\/wp-content\/uploads\/2024\/09\/Interactive-map-2-1-300x300.jpg 300w, https:\/\/createlli.com\/wp-content\/uploads\/2024\/09\/Interactive-map-2-1-150x150.jpg 150w\" sizes=\"(max-width: 566px) 100vw, 566px\" \/><\/a><\/figure><div class=\"elementor-image-box-content\"><h4 class=\"elementor-image-box-title\"><a href=\"#\">Mapas interactivos<\/a><\/h4><p class=\"elementor-image-box-description\">Los mapas interactivos proporcionan una visi\u00f3n clara de los lugares donde la gente quiere compartir su opini\u00f3n.<\/p><\/div><\/div>\t\t\t\t<\/div>\n\t\t\t\t<\/div>\n\t\t\t\t<\/div>\n\t\t<div class=\"elementor-element elementor-element-73f02e8b e-con-full e-flex e-con e-child\" data-id=\"73f02e8b\" data-element_type=\"container\">\n\t\t\t\t<div class=\"elementor-element elementor-element-76a94ec3 elementor-position-top elementor-widget elementor-widget-image-box\" data-id=\"76a94ec3\" data-element_type=\"widget\" data-widget_type=\"image-box.default\">\n\t\t\t\t<div class=\"elementor-widget-container\">\n\t\t\t\t\t<div class=\"elementor-image-box-wrapper\"><figure class=\"elementor-image-box-img\"><a href=\"#\" tabindex=\"-1\"><img loading=\"lazy\" decoding=\"async\" width=\"1179\" height=\"1179\" src=\"https:\/\/createlli.com\/wp-content\/uploads\/2025\/08\/3D-tool-1.jpg\" class=\"elementor-animation-grow attachment-full size-full wp-image-6202\" alt=\"3D visualisation\" srcset=\"https:\/\/createlli.com\/wp-content\/uploads\/2025\/08\/3D-tool-1.jpg 1179w, https:\/\/createlli.com\/wp-content\/uploads\/2025\/08\/3D-tool-1-300x300.jpg 300w, https:\/\/createlli.com\/wp-content\/uploads\/2025\/08\/3D-tool-1-1024x1024.jpg 1024w, https:\/\/createlli.com\/wp-content\/uploads\/2025\/08\/3D-tool-1-150x150.jpg 150w, https:\/\/createlli.com\/wp-content\/uploads\/2025\/08\/3D-tool-1-768x768.jpg 768w, https:\/\/createlli.com\/wp-content\/uploads\/2025\/08\/3D-tool-1-600x600.jpg 600w\" sizes=\"(max-width: 1179px) 100vw, 1179px\" \/><\/a><\/figure><div class=\"elementor-image-box-content\"><h4 class=\"elementor-image-box-title\"><a href=\"#\">Visualizaci\u00f3n 3D<\/a><\/h4><p class=\"elementor-image-box-description\">Permite a los ciudadanos explorar los futuros espacios urbanos en un entorno 3D inmersivo. Los comentarios y opiniones pueden hacerse directamente sobre el modelo visual. <\/p><\/div><\/div>\t\t\t\t<\/div>\n\t\t\t\t<\/div>\n\t\t\t\t<\/div>\n\t\t<div class=\"elementor-element elementor-element-dfb7a63 e-con-full e-flex e-con e-child\" data-id=\"dfb7a63\" data-element_type=\"container\">\n\t\t\t\t<div class=\"elementor-element elementor-element-54e854f elementor-position-top elementor-widget elementor-widget-image-box\" data-id=\"54e854f\" data-element_type=\"widget\" data-widget_type=\"image-box.default\">\n\t\t\t\t<div class=\"elementor-widget-container\">\n\t\t\t\t\t<div class=\"elementor-image-box-wrapper\"><figure class=\"elementor-image-box-img\"><a href=\"#\" tabindex=\"-1\"><img loading=\"lazy\" decoding=\"async\" width=\"566\" height=\"566\" src=\"https:\/\/createlli.com\/wp-content\/uploads\/2024\/08\/Reporting.jpg\" class=\"elementor-animation-grow attachment-full size-full wp-image-2304\" alt=\"Digital reporting\" srcset=\"https:\/\/createlli.com\/wp-content\/uploads\/2024\/08\/Reporting.jpg 566w, https:\/\/createlli.com\/wp-content\/uploads\/2024\/08\/Reporting-300x300.jpg 300w, https:\/\/createlli.com\/wp-content\/uploads\/2024\/08\/Reporting-150x150.jpg 150w\" sizes=\"(max-width: 566px) 100vw, 566px\" \/><\/a><\/figure><div class=\"elementor-image-box-content\"><h4 class=\"elementor-image-box-title\"><a href=\"#\">Informar<\/a><\/h4><p class=\"elementor-image-box-description\">Las aportaciones de los ciudadanos pueden resumirse f\u00e1cilmente en un informe visual.  <\/p><\/div><\/div>\t\t\t\t<\/div>\n\t\t\t\t<\/div>\n\t\t\t\t<\/div>\n\t\t\t\t<\/div>\n\t\t\t\t<\/div>\n\t\t<div class=\"elementor-element elementor-element-6662230 e-flex e-con-boxed e-con e-parent\" data-id=\"6662230\" data-element_type=\"container\">\n\t\t\t\t\t<div class=\"e-con-inner\">\n\t\t\t\t\t<\/div>\n\t\t\t\t<\/div>\n\t\t\t\t<\/div>\n\t\t","protected":false},"excerpt":{"rendered":"<p>Laboratorio Createlli Descubre las posibilidades de nuestra herramienta digital de participaci\u00f3n Createlli Lab, creada para facilitar y apoyar los programas de participaci\u00f3n. Sitio web del proyecto Crea un sitio web del proyecto para informar sobre tu proceso de participaci\u00f3n. Cuestionarios Conoce las necesidades y preocupaciones de los ciudadanos mediante cuestionarios online. Mapas interactivos Los mapas [&hellip;]<\/p>\n","protected":false},"author":1,"featured_media":0,"parent":0,"menu_order":0,"comment_status":"closed","ping_status":"closed","template":"elementor_theme","meta":{"_acf_changed":false,"ocean_post_layout":"full-width","ocean_both_sidebars_style":"","ocean_both_sidebars_content_width":0,"ocean_both_sidebars_sidebars_width":0,"ocean_sidebar":"","ocean_second_sidebar":"","ocean_disable_margins":"enable","ocean_add_body_class":"","ocean_shortcode_before_top_bar":"","ocean_shortcode_after_top_bar":"","ocean_shortcode_before_header":"","ocean_shortcode_after_header":"","ocean_has_shortcode":"","ocean_shortcode_after_title":"","ocean_shortcode_before_footer_widgets":"","ocean_shortcode_after_footer_widgets":"","ocean_shortcode_before_footer_bottom":"","ocean_shortcode_after_footer_bottom":"","ocean_display_top_bar":"default","ocean_display_header":"default","ocean_header_style":"","ocean_center_header_left_menu":"","ocean_custom_header_template":"","ocean_custom_logo":0,"ocean_custom_retina_logo":0,"ocean_custom_logo_max_width":0,"ocean_custom_logo_tablet_max_width":0,"ocean_custom_logo_mobile_max_width":0,"ocean_custom_logo_max_height":0,"ocean_custom_logo_tablet_max_height":0,"ocean_custom_logo_mobile_max_height":0,"ocean_header_custom_menu":"","ocean_menu_typo_font_family":"","ocean_menu_typo_font_subset":"","ocean_menu_typo_font_size":0,"ocean_menu_typo_font_size_tablet":0,"ocean_menu_typo_font_size_mobile":0,"ocean_menu_typo_font_size_unit":"px","ocean_menu_typo_font_weight":"","ocean_menu_typo_font_weight_tablet":"","ocean_menu_typo_font_weight_mobile":"","ocean_menu_typo_transform":"","ocean_menu_typo_transform_tablet":"","ocean_menu_typo_transform_mobile":"","ocean_menu_typo_line_height":0,"ocean_menu_typo_line_height_tablet":0,"ocean_menu_typo_line_height_mobile":0,"ocean_menu_typo_line_height_unit":"","ocean_menu_typo_spacing":0,"ocean_menu_typo_spacing_tablet":0,"ocean_menu_typo_spacing_mobile":0,"ocean_menu_typo_spacing_unit":"","ocean_menu_link_color":"","ocean_menu_link_color_hover":"","ocean_menu_link_color_active":"","ocean_menu_link_background":"","ocean_menu_link_hover_background":"","ocean_menu_link_active_background":"","ocean_menu_social_links_bg":"","ocean_menu_social_hover_links_bg":"","ocean_menu_social_links_color":"","ocean_menu_social_hover_links_color":"","ocean_disable_title":"on","ocean_disable_heading":"default","ocean_post_title":"","ocean_post_subheading":"","ocean_post_title_style":"","ocean_post_title_background_color":"","ocean_post_title_background":0,"ocean_post_title_bg_image_position":"","ocean_post_title_bg_image_attachment":"","ocean_post_title_bg_image_repeat":"","ocean_post_title_bg_image_size":"","ocean_post_title_height":0,"ocean_post_title_bg_overlay":0.5,"ocean_post_title_bg_overlay_color":"","ocean_disable_breadcrumbs":"default","ocean_breadcrumbs_color":"","ocean_breadcrumbs_separator_color":"","ocean_breadcrumbs_links_color":"","ocean_breadcrumbs_links_hover_color":"","ocean_display_footer_widgets":"default","ocean_display_footer_bottom":"default","ocean_custom_footer_template":"","ofc_meta_disable_footer_callout":"","ofc_meta_callout_button_url":"","ofc_meta_callout_button_txt":"","ofc_meta_callout_text":"","ofc_enable_fullscreen":"disable","ofc_fullscreen_speed":0,"ofc_fullscreen_nav":"enable","ofc_fullscreen_nav_pos":"right","ofc_fullscreen_nav_color":"","ofc_fullscreen_nav_tooltip_color":"","ofc_fullscreen_responsive":0,"osh_disable_topbar_sticky":"default","osh_disable_header_sticky":"default","osh_sticky_header_style":"default","osh_sticky_header_effect":"","osh_custom_sticky_logo":0,"osh_custom_retina_sticky_logo":0,"osh_custom_sticky_logo_height":0,"osh_background_color":"","osh_links_color":"","osh_links_hover_color":"","osh_links_active_color":"","osh_links_bg_color":"","osh_links_hover_bg_color":"","osh_links_active_bg_color":"","osh_menu_social_links_color":"","osh_menu_social_hover_links_color":"","footnotes":""},"class_list":["post-2299","page","type-page","status-publish","hentry","entry"],"acf":[],"yoast_head":"<!-- This site is optimized with the Yoast SEO plugin v25.9 - https:\/\/yoast.com\/wordpress\/plugins\/seo\/ -->\n<title>Herramientas digitales - Createlli | Participaci\u00f3n y co-creaci\u00f3n para el dise\u00f1o del espacio p\u00fablico<\/title>\n<meta name=\"description\" content=\"Herramientas digitales de participaci\u00f3n, como encuestas ciudadanas, mapas interactivos y sitios web de proyectos.\" \/>\n<meta name=\"robots\" content=\"index, follow, max-snippet:-1, max-image-preview:large, max-video-preview:-1\" \/>\n<link rel=\"canonical\" href=\"https:\/\/createlli.com\/es\/herramientas-digitales\/\" \/>\n<meta property=\"og:locale\" content=\"es_ES\" \/>\n<meta property=\"og:type\" content=\"article\" \/>\n<meta property=\"og:title\" content=\"Herramientas digitales - Createlli | Participaci\u00f3n y co-creaci\u00f3n para el dise\u00f1o del espacio p\u00fablico\" \/>\n<meta property=\"og:description\" content=\"Herramientas digitales de participaci\u00f3n, como encuestas ciudadanas, mapas interactivos y sitios web de proyectos.\" \/>\n<meta property=\"og:url\" content=\"https:\/\/createlli.com\/es\/herramientas-digitales\/\" \/>\n<meta property=\"og:site_name\" content=\"Createlli | Participaci\u00f3n y co-creaci\u00f3n para el dise\u00f1o del espacio p\u00fablico\" \/>\n<meta property=\"article:modified_time\" content=\"2025-09-25T15:24:46+00:00\" \/>\n<meta property=\"og:image\" content=\"https:\/\/createlli.com\/wp-content\/uploads\/2024\/09\/Projectwebsite-2-1.jpg\" \/>\n\t<meta property=\"og:image:width\" content=\"566\" \/>\n\t<meta property=\"og:image:height\" content=\"567\" \/>\n\t<meta property=\"og:image:type\" content=\"image\/jpeg\" \/>\n<meta name=\"twitter:card\" content=\"summary_large_image\" \/>\n<meta name=\"twitter:label1\" content=\"Tiempo de lectura\" \/>\n\t<meta name=\"twitter:data1\" content=\"1 minuto\" \/>\n<script type=\"application\/ld+json\" class=\"yoast-schema-graph\">{\"@context\":\"https:\/\/schema.org\",\"@graph\":[{\"@type\":\"WebPage\",\"@id\":\"https:\/\/createlli.com\/es\/herramientas-digitales\/\",\"url\":\"https:\/\/createlli.com\/es\/herramientas-digitales\/\",\"name\":\"Herramientas digitales - Createlli | Participaci\u00f3n y co-creaci\u00f3n para el dise\u00f1o del espacio p\u00fablico\",\"isPartOf\":{\"@id\":\"https:\/\/createlli.com\/#website\"},\"primaryImageOfPage\":{\"@id\":\"https:\/\/createlli.com\/es\/herramientas-digitales\/#primaryimage\"},\"image\":{\"@id\":\"https:\/\/createlli.com\/es\/herramientas-digitales\/#primaryimage\"},\"thumbnailUrl\":\"https:\/\/createlli.com\/wp-content\/uploads\/2024\/09\/Projectwebsite-2-1.jpg\",\"datePublished\":\"2024-08-28T07:34:03+00:00\",\"dateModified\":\"2025-09-25T15:24:46+00:00\",\"description\":\"Herramientas digitales de participaci\u00f3n, como encuestas ciudadanas, mapas interactivos y sitios web de proyectos.\",\"breadcrumb\":{\"@id\":\"https:\/\/createlli.com\/es\/herramientas-digitales\/#breadcrumb\"},\"inLanguage\":\"es\",\"potentialAction\":[{\"@type\":\"ReadAction\",\"target\":[\"https:\/\/createlli.com\/es\/herramientas-digitales\/\"]}]},{\"@type\":\"ImageObject\",\"inLanguage\":\"es\",\"@id\":\"https:\/\/createlli.com\/es\/herramientas-digitales\/#primaryimage\",\"url\":\"https:\/\/createlli.com\/wp-content\/uploads\/2024\/09\/Projectwebsite-2-1.jpg\",\"contentUrl\":\"https:\/\/createlli.com\/wp-content\/uploads\/2024\/09\/Projectwebsite-2-1.jpg\"},{\"@type\":\"BreadcrumbList\",\"@id\":\"https:\/\/createlli.com\/es\/herramientas-digitales\/#breadcrumb\",\"itemListElement\":[{\"@type\":\"ListItem\",\"position\":1,\"name\":\"Home\",\"item\":\"https:\/\/createlli.com\/es\/inicio\/\"},{\"@type\":\"ListItem\",\"position\":2,\"name\":\"Herramientas digitales\"}]},{\"@type\":\"WebSite\",\"@id\":\"https:\/\/createlli.com\/#website\",\"url\":\"https:\/\/createlli.com\/\",\"name\":\"Createlli | Participaci\u00f3n y co-creaci\u00f3n para el dise\u00f1o del espacio p\u00fablico\",\"description\":\"Createlli sparks change through participation and co-creation, shaping society in spatial planning, mobility, climate, sustainability, and quality of life.\",\"publisher\":{\"@id\":\"https:\/\/createlli.com\/#organization\"},\"potentialAction\":[{\"@type\":\"SearchAction\",\"target\":{\"@type\":\"EntryPoint\",\"urlTemplate\":\"https:\/\/createlli.com\/?s={search_term_string}\"},\"query-input\":{\"@type\":\"PropertyValueSpecification\",\"valueRequired\":true,\"valueName\":\"search_term_string\"}}],\"inLanguage\":\"es\"},{\"@type\":\"Organization\",\"@id\":\"https:\/\/createlli.com\/#organization\",\"name\":\"Createlli | Participaci\u00f3n y co-creaci\u00f3n para el dise\u00f1o del espacio p\u00fablico\",\"url\":\"https:\/\/createlli.com\/\",\"logo\":{\"@type\":\"ImageObject\",\"inLanguage\":\"es\",\"@id\":\"https:\/\/createlli.com\/#\/schema\/logo\/image\/\",\"url\":\"https:\/\/createlli.com\/wp-content\/uploads\/2024\/08\/cropped-Createlli-logo-white_2.png\",\"contentUrl\":\"https:\/\/createlli.com\/wp-content\/uploads\/2024\/08\/cropped-Createlli-logo-white_2.png\",\"width\":144,\"height\":31,\"caption\":\"Createlli | Participaci\u00f3n y co-creaci\u00f3n para el dise\u00f1o del espacio p\u00fablico\"},\"image\":{\"@id\":\"https:\/\/createlli.com\/#\/schema\/logo\/image\/\"}}]}<\/script>\n<!-- \/ Yoast SEO plugin. -->","yoast_head_json":{"title":"Herramientas digitales - Createlli | Participaci\u00f3n y co-creaci\u00f3n para el dise\u00f1o del espacio p\u00fablico","description":"Herramientas digitales de participaci\u00f3n, como encuestas ciudadanas, mapas interactivos y sitios web de proyectos.","robots":{"index":"index","follow":"follow","max-snippet":"max-snippet:-1","max-image-preview":"max-image-preview:large","max-video-preview":"max-video-preview:-1"},"canonical":"https:\/\/createlli.com\/es\/herramientas-digitales\/","og_locale":"es_ES","og_type":"article","og_title":"Herramientas digitales - Createlli | Participaci\u00f3n y co-creaci\u00f3n para el dise\u00f1o del espacio p\u00fablico","og_description":"Herramientas digitales de participaci\u00f3n, como encuestas ciudadanas, mapas interactivos y sitios web de proyectos.","og_url":"https:\/\/createlli.com\/es\/herramientas-digitales\/","og_site_name":"Createlli | Participaci\u00f3n y co-creaci\u00f3n para el dise\u00f1o del espacio p\u00fablico","article_modified_time":"2025-09-25T15:24:46+00:00","og_image":[{"width":566,"height":567,"url":"https:\/\/createlli.com\/wp-content\/uploads\/2024\/09\/Projectwebsite-2-1.jpg","type":"image\/jpeg"}],"twitter_card":"summary_large_image","twitter_misc":{"Tiempo de lectura":"1 minuto"},"schema":{"@context":"https:\/\/schema.org","@graph":[{"@type":"WebPage","@id":"https:\/\/createlli.com\/es\/herramientas-digitales\/","url":"https:\/\/createlli.com\/es\/herramientas-digitales\/","name":"Herramientas digitales - Createlli | Participaci\u00f3n y co-creaci\u00f3n para el dise\u00f1o del espacio p\u00fablico","isPartOf":{"@id":"https:\/\/createlli.com\/#website"},"primaryImageOfPage":{"@id":"https:\/\/createlli.com\/es\/herramientas-digitales\/#primaryimage"},"image":{"@id":"https:\/\/createlli.com\/es\/herramientas-digitales\/#primaryimage"},"thumbnailUrl":"https:\/\/createlli.com\/wp-content\/uploads\/2024\/09\/Projectwebsite-2-1.jpg","datePublished":"2024-08-28T07:34:03+00:00","dateModified":"2025-09-25T15:24:46+00:00","description":"Herramientas digitales de participaci\u00f3n, como encuestas ciudadanas, mapas interactivos y sitios web de proyectos.","breadcrumb":{"@id":"https:\/\/createlli.com\/es\/herramientas-digitales\/#breadcrumb"},"inLanguage":"es","potentialAction":[{"@type":"ReadAction","target":["https:\/\/createlli.com\/es\/herramientas-digitales\/"]}]},{"@type":"ImageObject","inLanguage":"es","@id":"https:\/\/createlli.com\/es\/herramientas-digitales\/#primaryimage","url":"https:\/\/createlli.com\/wp-content\/uploads\/2024\/09\/Projectwebsite-2-1.jpg","contentUrl":"https:\/\/createlli.com\/wp-content\/uploads\/2024\/09\/Projectwebsite-2-1.jpg"},{"@type":"BreadcrumbList","@id":"https:\/\/createlli.com\/es\/herramientas-digitales\/#breadcrumb","itemListElement":[{"@type":"ListItem","position":1,"name":"Home","item":"https:\/\/createlli.com\/es\/inicio\/"},{"@type":"ListItem","position":2,"name":"Herramientas digitales"}]},{"@type":"WebSite","@id":"https:\/\/createlli.com\/#website","url":"https:\/\/createlli.com\/","name":"Createlli | Participaci\u00f3n y co-creaci\u00f3n para el dise\u00f1o del espacio p\u00fablico","description":"Createlli sparks change through participation and co-creation, shaping society in spatial planning, mobility, climate, sustainability, and quality of life.","publisher":{"@id":"https:\/\/createlli.com\/#organization"},"potentialAction":[{"@type":"SearchAction","target":{"@type":"EntryPoint","urlTemplate":"https:\/\/createlli.com\/?s={search_term_string}"},"query-input":{"@type":"PropertyValueSpecification","valueRequired":true,"valueName":"search_term_string"}}],"inLanguage":"es"},{"@type":"Organization","@id":"https:\/\/createlli.com\/#organization","name":"Createlli | Participaci\u00f3n y co-creaci\u00f3n para el dise\u00f1o del espacio p\u00fablico","url":"https:\/\/createlli.com\/","logo":{"@type":"ImageObject","inLanguage":"es","@id":"https:\/\/createlli.com\/#\/schema\/logo\/image\/","url":"https:\/\/createlli.com\/wp-content\/uploads\/2024\/08\/cropped-Createlli-logo-white_2.png","contentUrl":"https:\/\/createlli.com\/wp-content\/uploads\/2024\/08\/cropped-Createlli-logo-white_2.png","width":144,"height":31,"caption":"Createlli | Participaci\u00f3n y co-creaci\u00f3n para el dise\u00f1o del espacio p\u00fablico"},"image":{"@id":"https:\/\/createlli.com\/#\/schema\/logo\/image\/"}}]}},"_links":{"self":[{"href":"https:\/\/createlli.com\/es\/wp-json\/wp\/v2\/pages\/2299","targetHints":{"allow":["GET"]}}],"collection":[{"href":"https:\/\/createlli.com\/es\/wp-json\/wp\/v2\/pages"}],"about":[{"href":"https:\/\/createlli.com\/es\/wp-json\/wp\/v2\/types\/page"}],"author":[{"embeddable":true,"href":"https:\/\/createlli.com\/es\/wp-json\/wp\/v2\/users\/1"}],"replies":[{"embeddable":true,"href":"https:\/\/createlli.com\/es\/wp-json\/wp\/v2\/comments?post=2299"}],"version-history":[{"count":6,"href":"https:\/\/createlli.com\/es\/wp-json\/wp\/v2\/pages\/2299\/revisions"}],"predecessor-version":[{"id":6698,"href":"https:\/\/createlli.com\/es\/wp-json\/wp\/v2\/pages\/2299\/revisions\/6698"}],"wp:attachment":[{"href":"https:\/\/createlli.com\/es\/wp-json\/wp\/v2\/media?parent=2299"}],"curies":[{"name":"wp","href":"https:\/\/api.w.org\/{rel}","templated":true}]}}